{"id":308,"date":"2019-10-31T14:55:13","date_gmt":"2019-10-31T14:55:13","guid":{"rendered":"http:\/\/localhost\/artebel\/?page_id=308"},"modified":"2022-12-02T13:03:10","modified_gmt":"2022-12-02T10:03:10","slug":"iletisim","status":"publish","type":"page","link":"http:\/\/www.arte-bel.com\/?page_id=308","title":{"rendered":"\u0130leti\u015fim"},"content":{"rendered":"<div class=\"row\">\n<div class=\"col-md-12\">\n<a href=\"https:\/\/www.google.com\/maps\/place\/Ba%C5%9Faran+Group\/@41.1766703,28.8887119,18z\/data=!4m5!3m4!1s0x0:0x28279069eefcd166!8m2!3d41.1767346!4d28.8878578?hl=tr\" target=\"_blank\" rel=\"noopener\"> <img src=\"http:\/\/www.arte-bel.com\/wp-content\/uploads\/2022\/10\/artebel-harita.jpg\" class=\"img-fluid border-class img-fluid mb-3\" \/> <\/a><\/p>\n<\/div>\n<\/div>\n<div class=\"row pt-3\">\n<div class=\"col-md-12\">\n<h4 class=\"clx\">ARTEBEL AYDINLATMA DEKORASYON LTD. \u015eT\u0130.<\/h4>\n<h5 class=\"clx\">Adres<\/h5>\n<p>G\u00f6kt\u00fcrk Mahallesi \u0130stanbul Caddesi Kartal Sokak Ba\u015faran Plaza No.1 Kat.4 34075 Kemerburgaz &#8211; \u0130stanbul<\/p>\n<p>&nbsp;<\/p>\n<h5 class=\"clx\">Telefon<\/h5>\n<p class=\"clx\">+90 212 358 42 45-46<\/p>\n<p>&nbsp;<\/p>\n<h5 class=\"clx\">Beril BA\u015eARAN<\/h5>\n<p><a href=\"mailto:%20beril@arte-bel.com\">beril@arte-bel.com<\/a><br \/>\n<a href=\"mailto:%20info@arte-bel.com\">info@arte-bel.com<\/a><\/p>\n<\/div>\n<\/div>\n<p>&nbsp;<\/p>\n<div class=\"row\">\n<div class=\"col-md-12\">\n<h4 class=\"clx\">B\u0130ZE ULA\u015eIN<\/h4>\n<div role=\"form\" class=\"wpcf7\" id=\"wpcf7-f5-o1\" lang=\"en-US\" dir=\"ltr\">\n<div class=\"screen-reader-response\"><p role=\"status\" aria-live=\"polite\" aria-atomic=\"true\"><\/p> <ul><\/ul><\/div>\n<form action=\"\/index.php?rest_route=%2Fwp%2Fv2%2Fpages%2F308#wpcf7-f5-o1\" method=\"post\" class=\"wpcf7-form init\" novalidate=\"novalidate\" data-status=\"init\">\n<div style=\"display: none;\">\n<input type=\"hidden\" name=\"_wpcf7\" value=\"5\" \/>\n<input type=\"hidden\" name=\"_wpcf7_version\" value=\"5.6.4\" \/>\n<input type=\"hidden\" name=\"_wpcf7_locale\" value=\"en_US\" \/>\n<input type=\"hidden\" name=\"_wpcf7_unit_tag\" value=\"wpcf7-f5-o1\" \/>\n<input type=\"hidden\" name=\"_wpcf7_container_post\" value=\"0\" \/>\n<input type=\"hidden\" name=\"_wpcf7_posted_data_hash\" value=\"\" \/>\n<\/div>\n<div class=\"row\">\n<div class=\"col-md-3 p-3\"><label>Ad Soyad *<\/label><\/div>\n<div class=\"col-md-9\"> <span class=\"wpcf7-form-control-wrap\" data-name=\"your-name\"><input type=\"text\" name=\"your-name\" value=\"\" size=\"40\" class=\"wpcf7-form-control wpcf7-text wpcf7-validates-as-required\" aria-required=\"true\" aria-invalid=\"false\" \/><\/span> <\/div>\n<div class=\"w-100\"><\/div>\n<div class=\"col-md-3 p-3\"><label>E-posta *<\/label><\/div>\n<div class=\"col-md-9\"> <span class=\"wpcf7-form-control-wrap\" data-name=\"your-email\"><input type=\"email\" name=\"your-email\" value=\"\" size=\"40\" class=\"wpcf7-form-control wpcf7-text wpcf7-email wpcf7-validates-as-required wpcf7-validates-as-email\" aria-required=\"true\" aria-invalid=\"false\" \/><\/span> <\/div>\n<div class=\"w-100\"><\/div>\n<div class=\"col-md-3 p-3\"><label>Konu <\/label><\/div>\n<div class=\"col-md-9\"> <span class=\"wpcf7-form-control-wrap\" data-name=\"your-subject\"><input type=\"text\" name=\"your-subject\" value=\"\" size=\"40\" class=\"wpcf7-form-control wpcf7-text\" aria-invalid=\"false\" \/><\/span> <\/div>\n<div class=\"w-100\"><\/div>\n<div class=\"col-md-3 p-3\"><label>Mesaj<\/label><\/div>\n<div class=\"col-md-9\"> <span class=\"wpcf7-form-control-wrap\" data-name=\"your-message\"><textarea name=\"your-message\" cols=\"40\" rows=\"10\" class=\"wpcf7-form-control wpcf7-textarea\" aria-invalid=\"false\"><\/textarea><\/span> <\/div>\n<div class=\"w-100\"><\/div>\n<div class=\"col-md-3 p-3\"><\/div>\n<div class=\"col-md-9\"><input type=\"submit\" value=\"G\u00d6NDER\" class=\"wpcf7-form-control has-spinner wpcf7-submit\" \/><\/div>\n<\/div>\n<div class=\"wpcf7-response-output\" aria-hidden=\"true\"><\/div><\/form><\/div><\/div>\n<\/div>\n","protected":false},"excerpt":{"rendered":"<p>ARTEBEL AYDINLATMA DEKORASYON LTD. \u015eT\u0130. Adres G\u00f6kt\u00fcrk Mahallesi \u0130stanbul Caddesi Kartal Sokak Ba\u015faran Plaza No.1 Kat.4 34075 Kemerburgaz &#8211; \u0130stanbul &nbsp; Telefon +90 212 358 42 45-46 &nbsp; Beril BA\u015eARAN beril@arte-bel.com info@arte-bel.com &nbsp; B\u0130ZE ULA\u015eIN<\/p>\n","protected":false},"author":1,"featured_media":0,"parent":0,"menu_order":0,"comment_status":"closed","ping_status":"closed","template":"template-page-center.php","meta":[],"acf":[],"_links":{"self":[{"href":"http:\/\/www.arte-bel.com\/index.php?rest_route=\/wp\/v2\/pages\/308"}],"collection":[{"href":"http:\/\/www.arte-bel.com\/index.php?rest_route=\/wp\/v2\/pages"}],"about":[{"href":"http:\/\/www.arte-bel.com\/index.php?rest_route=\/wp\/v2\/types\/page"}],"author":[{"embeddable":true,"href":"http:\/\/www.arte-bel.com\/index.php?rest_route=\/wp\/v2\/users\/1"}],"replies":[{"embeddable":true,"href":"http:\/\/www.arte-bel.com\/index.php?rest_route=%2Fwp%2Fv2%2Fcomments&post=308"}],"version-history":[{"count":23,"href":"http:\/\/www.arte-bel.com\/index.php?rest_route=\/wp\/v2\/pages\/308\/revisions"}],"predecessor-version":[{"id":2840,"href":"http:\/\/www.arte-bel.com\/index.php?rest_route=\/wp\/v2\/pages\/308\/revisions\/2840"}],"wp:attachment":[{"href":"http:\/\/www.arte-bel.com\/index.php?rest_route=%2Fwp%2Fv2%2Fmedia&parent=308"}],"curies":[{"name":"wp","href":"https:\/\/api.w.org\/{rel}","templated":true}]}}