{"id":170,"date":"2008-09-08T22:42:05","date_gmt":"2008-09-08T21:42:05","guid":{"rendered":"http:\/\/localhost:8888\/wordpress\/testing\/?page_id=36"},"modified":"2022-10-21T11:55:28","modified_gmt":"2022-10-21T08:55:28","slug":"beril-basaran","status":"publish","type":"page","link":"http:\/\/www.arte-bel.com\/?page_id=170","title":{"rendered":"Beril Ba\u015faran"},"content":{"rendered":"<p><img loading=\"lazy\" class=\"aligncenter wp-image-2608 size-large border-class img-fluid mb-3\" src=\"http:\/\/www.arte-bel.com\/yeni\/wp-content\/uploads\/2022\/10\/beril-basaran-576x1024.jpg\" alt=\"\" width=\"576\" height=\"1024\" srcset=\"http:\/\/www.arte-bel.com\/wp-content\/uploads\/2022\/10\/beril-basaran-576x1024.jpg 576w, http:\/\/www.arte-bel.com\/wp-content\/uploads\/2022\/10\/beril-basaran-169x300.jpg 169w, http:\/\/www.arte-bel.com\/wp-content\/uploads\/2022\/10\/beril-basaran-768x1365.jpg 768w, http:\/\/www.arte-bel.com\/wp-content\/uploads\/2022\/10\/beril-basaran.jpg 810w\" sizes=\"(max-width: 576px) 100vw, 576px\" \/>1964 \u0130stanbul do\u011fumlu, evli ve 2 \u00e7ocuk annesi bir tasar\u0131mc\u0131y\u0131m. Kariyerime \u00c7ukurcuma\u2019da aksesuar, mobilya tasar\u0131m ve \u00fcretimiyle ba\u015flad\u0131m.<\/p>\n<p>Sonras\u0131nda ise tamamen ev ve ofis dekorasyonuna y\u00f6nelmi\u015f olup, son 10 senedir renovasyon projeleri, otel i\u00e7 mek\u00e2n, tekne, jet tasar\u0131m\u0131, ve peyzajda keyifli i\u015fler yarat\u0131yorum.<\/p>\n<p>Yapt\u0131\u011f\u0131m\u0131z her i\u015fe b\u00fct\u00fcnc\u00fcl bir \u015fekilde yakla\u015f\u0131p kurumsal kimlik yaratmak, firmalar\u0131n medya g\u00f6rsellerini \u015fekillendirmek ve sosyal sorumluluk projelerini geli\u015ftirip projeye \u00f6zel &#8220;tailor made&#8221; i\u015fler de y\u00fcr\u00fctmekteyiz.<\/p>\n<p>2005\u2019den bu yana mega yat projelerinin i\u00e7 mek\u00e2n \u00fcretimlerinde s\u00fcperviz\u00f6rl\u00fck yapmakta ve Mina isimli mega yatta ger\u00e7ekle\u015ftirdi\u011fimiz i\u00e7 mekan tasar\u0131m\u0131 projesiyle CMB Yacht firmas\u0131nda &#8220;Uluslararas\u0131 The \u0130nternational Yatch Awards 2011&#8221; \u00f6d\u00fcl\u00fcn\u00fc kazand\u0131k.<\/p>\n<p>Ayn\u0131 zamanda 2013 y\u0131l\u0131ndan itibaren &#8220;\u00f6zel jet sekt\u00f6r\u00fc dekorasyonu&#8221; alan\u0131nda da profesyonel \u00e7\u00f6z\u00fcmler sunuyoruz.<\/p>\n<p>L\u00fcks otellerden ticari ofislere ve \u015f\u0131k evlere \u00e7al\u0131\u015ft\u0131\u011f\u0131m\u0131z t\u00fcm projelere her zaman dinamizmi ve yarat\u0131c\u0131l\u0131\u011f\u0131 \u00f6n planda tutuyoruz. Beril Ba\u015faran imzas\u0131 ve stili sadece lux kuma\u015flar ve mobilyalar demek de\u011fil ayn\u0131 zamanda zengin renkler, elegan ve g\u00fcncel, \u00e7a\u011fda\u015f detaylardan olu\u015fan, \u0131\u015f\u0131\u011f\u0131n m\u00fckemmel kullan\u0131m\u0131yla yarat\u0131lan s\u0131cak ve samimi bir kar\u0131\u015f\u0131md\u0131r.<\/p>\n","protected":false},"excerpt":{"rendered":"<p>1964 \u0130stanbul do\u011fumlu, evli ve 2 \u00e7ocuk annesi bir tasar\u0131mc\u0131y\u0131m. Kariyerime \u00c7ukurcuma\u2019da aksesuar, mobilya tasar\u0131m ve \u00fcretimiyle ba\u015flad\u0131m. Sonras\u0131nda ise tamamen ev ve ofis dekorasyonuna y\u00f6nelmi\u015f olup, son 10 senedir renovasyon projeleri, otel i\u00e7 mek\u00e2n, tekne, jet tasar\u0131m\u0131, ve peyzajda keyifli i\u015fler yarat\u0131yorum. Yapt\u0131\u011f\u0131m\u0131z her i\u015fe b\u00fct\u00fcnc\u00fcl bir \u015fekilde yakla\u015f\u0131p kurumsal kimlik yaratmak, firmalar\u0131n medya [&hellip;]<\/p>\n","protected":false},"author":1,"featured_media":0,"parent":0,"menu_order":0,"comment_status":"open","ping_status":"open","template":"","meta":[],"acf":[],"_links":{"self":[{"href":"http:\/\/www.arte-bel.com\/index.php?rest_route=\/wp\/v2\/pages\/170"}],"collection":[{"href":"http:\/\/www.arte-bel.com\/index.php?rest_route=\/wp\/v2\/pages"}],"about":[{"href":"http:\/\/www.arte-bel.com\/index.php?rest_route=\/wp\/v2\/types\/page"}],"author":[{"embeddable":true,"href":"http:\/\/www.arte-bel.com\/index.php?rest_route=\/wp\/v2\/users\/1"}],"replies":[{"embeddable":true,"href":"http:\/\/www.arte-bel.com\/index.php?rest_route=%2Fwp%2Fv2%2Fcomments&post=170"}],"version-history":[{"count":5,"href":"http:\/\/www.arte-bel.com\/index.php?rest_route=\/wp\/v2\/pages\/170\/revisions"}],"predecessor-version":[{"id":2610,"href":"http:\/\/www.arte-bel.com\/index.php?rest_route=\/wp\/v2\/pages\/170\/revisions\/2610"}],"wp:attachment":[{"href":"http:\/\/www.arte-bel.com\/index.php?rest_route=%2Fwp%2Fv2%2Fmedia&parent=170"}],"curies":[{"name":"wp","href":"https:\/\/api.w.org\/{rel}","templated":true}]}}